{"id":1135,"date":"2019-07-10T23:49:26","date_gmt":"2019-07-10T16:49:26","guid":{"rendered":"https:\/\/thoitrang.mauwebwp.com\/thoitrang043\/?post_type=product&#038;p=1135"},"modified":"2019-07-10T23:49:26","modified_gmt":"2019-07-10T16:49:26","slug":"ao-thun-polo-mau-kem-theu-chu-9t30","status":"publish","type":"product","link":"https:\/\/thoitrang.mauwebwp.com\/thoitrang043\/san-pham\/ao-thun-polo-mau-kem-theu-chu-9t30\/","title":{"rendered":"\u00c1o thun polo m\u00e0u kem th\u00eau ch\u1eef 9T30"},"content":{"rendered":"<p><a href=\"https:\/\/thoitrang.mauwebwp.com\/thoitrang043\/wp-content\/uploads\/2019\/07\/Ao-thun-polo-nau-1-600x943-1.jpg\"><img loading=\"lazy\" class=\"alignnone size-medium wp-image-1137\" src=\"https:\/\/thoitrang.mauwebwp.com\/thoitrang043\/wp-content\/uploads\/2019\/07\/Ao-thun-polo-nau-1-600x943-1-191x300.jpg\" alt=\"\" width=\"191\" height=\"300\" srcset=\"https:\/\/thoitrang.mauwebwp.com\/thoitrang043\/wp-content\/uploads\/2019\/07\/Ao-thun-polo-nau-1-600x943-1-191x300.jpg 191w, https:\/\/thoitrang.mauwebwp.com\/thoitrang043\/wp-content\/uploads\/2019\/07\/Ao-thun-polo-nau-1-600x943-1.jpg 600w\" sizes=\"(max-width: 191px) 100vw, 191px\" \/><\/a><\/p>\n","protected":false},"excerpt":{"rendered":"","protected":false},"featured_media":1137,"template":"","meta":[],"product_cat":[15,57],"product_tag":[],"_links":{"self":[{"href":"https:\/\/thoitrang.mauwebwp.com\/thoitrang043\/wp-json\/wp\/v2\/product\/1135"}],"collection":[{"href":"https:\/\/thoitrang.mauwebwp.com\/thoitrang043\/wp-json\/wp\/v2\/product"}],"about":[{"href":"https:\/\/thoitrang.mauwebwp.com\/thoitrang043\/wp-json\/wp\/v2\/types\/product"}],"wp:featuredmedia":[{"embeddable":true,"href":"https:\/\/thoitrang.mauwebwp.com\/thoitrang043\/wp-json\/wp\/v2\/media\/1137"}],"wp:attachment":[{"href":"https:\/\/thoitrang.mauwebwp.com\/thoitrang043\/wp-json\/wp\/v2\/media?parent=1135"}],"wp:term":[{"taxonomy":"product_cat","embeddable":true,"href":"https:\/\/thoitrang.mauwebwp.com\/thoitrang043\/wp-json\/wp\/v2\/product_cat?post=1135"},{"taxonomy":"product_tag","embeddable":true,"href":"https:\/\/thoitrang.mauwebwp.com\/thoitrang043\/wp-json\/wp\/v2\/product_tag?post=1135"}],"curies":[{"name":"wp","href":"https:\/\/api.w.org\/{rel}","templated":true}]}}