{"id":1140,"date":"2019-07-10T23:50:44","date_gmt":"2019-07-10T16:50:44","guid":{"rendered":"https:\/\/thoitrang.mauwebwp.com\/thoitrang043\/?post_type=product&#038;p=1140"},"modified":"2019-07-10T23:50:44","modified_gmt":"2019-07-10T16:50:44","slug":"ao-thun-polo-mau-vang-8t102","status":"publish","type":"product","link":"https:\/\/thoitrang.mauwebwp.com\/thoitrang043\/san-pham\/ao-thun-polo-mau-vang-8t102\/","title":{"rendered":"\u00c1o Thun Polo M\u00e0u V\u00e0ng 8T102"},"content":{"rendered":"<p><a href=\"https:\/\/thoitrang.mauwebwp.com\/thoitrang043\/wp-content\/uploads\/2019\/07\/Ao-thun-polo-nau-1-600x943.jpg\"><img loading=\"lazy\" class=\"alignnone size-medium wp-image-1118\" src=\"https:\/\/thoitrang.mauwebwp.com\/thoitrang043\/wp-content\/uploads\/2019\/07\/Ao-thun-polo-nau-1-600x943-191x300.jpg\" alt=\"\" width=\"191\" height=\"300\" srcset=\"https:\/\/thoitrang.mauwebwp.com\/thoitrang043\/wp-content\/uploads\/2019\/07\/Ao-thun-polo-nau-1-600x943-191x300.jpg 191w, https:\/\/thoitrang.mauwebwp.com\/thoitrang043\/wp-content\/uploads\/2019\/07\/Ao-thun-polo-nau-1-600x943.jpg 600w\" sizes=\"(max-width: 191px) 100vw, 191px\" \/><\/a><\/p>\n","protected":false},"excerpt":{"rendered":"","protected":false},"featured_media":1118,"template":"","meta":[],"product_cat":[15,57],"product_tag":[],"_links":{"self":[{"href":"https:\/\/thoitrang.mauwebwp.com\/thoitrang043\/wp-json\/wp\/v2\/product\/1140"}],"collection":[{"href":"https:\/\/thoitrang.mauwebwp.com\/thoitrang043\/wp-json\/wp\/v2\/product"}],"about":[{"href":"https:\/\/thoitrang.mauwebwp.com\/thoitrang043\/wp-json\/wp\/v2\/types\/product"}],"wp:featuredmedia":[{"embeddable":true,"href":"https:\/\/thoitrang.mauwebwp.com\/thoitrang043\/wp-json\/wp\/v2\/media\/1118"}],"wp:attachment":[{"href":"https:\/\/thoitrang.mauwebwp.com\/thoitrang043\/wp-json\/wp\/v2\/media?parent=1140"}],"wp:term":[{"taxonomy":"product_cat","embeddable":true,"href":"https:\/\/thoitrang.mauwebwp.com\/thoitrang043\/wp-json\/wp\/v2\/product_cat?post=1140"},{"taxonomy":"product_tag","embeddable":true,"href":"https:\/\/thoitrang.mauwebwp.com\/thoitrang043\/wp-json\/wp\/v2\/product_tag?post=1140"}],"curies":[{"name":"wp","href":"https:\/\/api.w.org\/{rel}","templated":true}]}}