{"id":1161,"date":"2019-07-10T23:57:47","date_gmt":"2019-07-10T16:57:47","guid":{"rendered":"https:\/\/thoitrang.mauwebwp.com\/thoitrang043\/?post_type=product&#038;p=1161"},"modified":"2019-07-10T23:57:47","modified_gmt":"2019-07-10T16:57:47","slug":"ao-thun-polo-xam-dam-theu-chu-9t26-2","status":"publish","type":"product","link":"https:\/\/thoitrang.mauwebwp.com\/thoitrang043\/san-pham\/ao-thun-polo-xam-dam-theu-chu-9t26-2\/","title":{"rendered":"\u00c1o thun polo x\u00e1m \u0111\u1eadm th\u00eau ch\u1eef 9T26"},"content":{"rendered":"<p><a href=\"https:\/\/thoitrang.mauwebwp.com\/thoitrang043\/wp-content\/uploads\/2019\/07\/\u00e1o-thun-c\u1ed5-b\u1ebb-xanh-1-600x943.jpg\"><img loading=\"lazy\" class=\"alignnone size-medium wp-image-1159\" src=\"https:\/\/thoitrang.mauwebwp.com\/thoitrang043\/wp-content\/uploads\/2019\/07\/\u00e1o-thun-c\u1ed5-b\u1ebb-xanh-1-600x943-191x300.jpg\" alt=\"\" width=\"191\" height=\"300\" srcset=\"https:\/\/thoitrang.mauwebwp.com\/thoitrang043\/wp-content\/uploads\/2019\/07\/\u00e1o-thun-c\u1ed5-b\u1ebb-xanh-1-600x943-191x300.jpg 191w, https:\/\/thoitrang.mauwebwp.com\/thoitrang043\/wp-content\/uploads\/2019\/07\/\u00e1o-thun-c\u1ed5-b\u1ebb-xanh-1-600x943.jpg 600w\" sizes=\"(max-width: 191px) 100vw, 191px\" \/><\/a>2<\/p>\n","protected":false},"excerpt":{"rendered":"<p>2<\/p>\n","protected":false},"featured_media":1159,"template":"","meta":[],"product_cat":[15,57],"product_tag":[],"_links":{"self":[{"href":"https:\/\/thoitrang.mauwebwp.com\/thoitrang043\/wp-json\/wp\/v2\/product\/1161"}],"collection":[{"href":"https:\/\/thoitrang.mauwebwp.com\/thoitrang043\/wp-json\/wp\/v2\/product"}],"about":[{"href":"https:\/\/thoitrang.mauwebwp.com\/thoitrang043\/wp-json\/wp\/v2\/types\/product"}],"wp:featuredmedia":[{"embeddable":true,"href":"https:\/\/thoitrang.mauwebwp.com\/thoitrang043\/wp-json\/wp\/v2\/media\/1159"}],"wp:attachment":[{"href":"https:\/\/thoitrang.mauwebwp.com\/thoitrang043\/wp-json\/wp\/v2\/media?parent=1161"}],"wp:term":[{"taxonomy":"product_cat","embeddable":true,"href":"https:\/\/thoitrang.mauwebwp.com\/thoitrang043\/wp-json\/wp\/v2\/product_cat?post=1161"},{"taxonomy":"product_tag","embeddable":true,"href":"https:\/\/thoitrang.mauwebwp.com\/thoitrang043\/wp-json\/wp\/v2\/product_tag?post=1161"}],"curies":[{"name":"wp","href":"https:\/\/api.w.org\/{rel}","templated":true}]}}