{"id":1277,"date":"2019-07-11T00:31:51","date_gmt":"2019-07-10T17:31:51","guid":{"rendered":"https:\/\/thoitrang.mauwebwp.com\/thoitrang043\/?post_type=product&#038;p=1277"},"modified":"2019-07-11T00:31:51","modified_gmt":"2019-07-10T17:31:51","slug":"ao-so-mi-nam-tay-dai-mau-reu-8csm05","status":"publish","type":"product","link":"https:\/\/thoitrang.mauwebwp.com\/thoitrang043\/san-pham\/ao-so-mi-nam-tay-dai-mau-reu-8csm05\/","title":{"rendered":"\u00c1o S\u01a1 Mi Nam Tay D\u00e0i M\u00e0u R\u00eau 8CSM05"},"content":{"rendered":"<p><a href=\"https:\/\/thoitrang.mauwebwp.com\/thoitrang043\/wp-content\/uploads\/2019\/07\/8CSM05-3-SIZE-M-L-XL-190K-M\u00c0U-R\u00caU-600x943.jpg\"><img loading=\"lazy\" class=\"aligncenter wp-image-1262 size-full\" src=\"https:\/\/thoitrang.mauwebwp.com\/thoitrang043\/wp-content\/uploads\/2019\/07\/8CSM05-3-SIZE-M-L-XL-190K-M\u00c0U-R\u00caU-600x943.jpg\" alt=\"\" width=\"600\" height=\"943\" srcset=\"https:\/\/thoitrang.mauwebwp.com\/thoitrang043\/wp-content\/uploads\/2019\/07\/8CSM05-3-SIZE-M-L-XL-190K-M\u00c0U-R\u00caU-600x943.jpg 600w, https:\/\/thoitrang.mauwebwp.com\/thoitrang043\/wp-content\/uploads\/2019\/07\/8CSM05-3-SIZE-M-L-XL-190K-M\u00c0U-R\u00caU-600x943-191x300.jpg 191w\" sizes=\"(max-width: 600px) 100vw, 600px\" \/><\/a><\/p>\n","protected":false},"excerpt":{"rendered":"","protected":false},"featured_media":1262,"template":"","meta":[],"product_cat":[66],"product_tag":[],"_links":{"self":[{"href":"https:\/\/thoitrang.mauwebwp.com\/thoitrang043\/wp-json\/wp\/v2\/product\/1277"}],"collection":[{"href":"https:\/\/thoitrang.mauwebwp.com\/thoitrang043\/wp-json\/wp\/v2\/product"}],"about":[{"href":"https:\/\/thoitrang.mauwebwp.com\/thoitrang043\/wp-json\/wp\/v2\/types\/product"}],"wp:featuredmedia":[{"embeddable":true,"href":"https:\/\/thoitrang.mauwebwp.com\/thoitrang043\/wp-json\/wp\/v2\/media\/1262"}],"wp:attachment":[{"href":"https:\/\/thoitrang.mauwebwp.com\/thoitrang043\/wp-json\/wp\/v2\/media?parent=1277"}],"wp:term":[{"taxonomy":"product_cat","embeddable":true,"href":"https:\/\/thoitrang.mauwebwp.com\/thoitrang043\/wp-json\/wp\/v2\/product_cat?post=1277"},{"taxonomy":"product_tag","embeddable":true,"href":"https:\/\/thoitrang.mauwebwp.com\/thoitrang043\/wp-json\/wp\/v2\/product_tag?post=1277"}],"curies":[{"name":"wp","href":"https:\/\/api.w.org\/{rel}","templated":true}]}}