{"id":1354,"date":"2019-07-11T00:55:26","date_gmt":"2019-07-10T17:55:26","guid":{"rendered":"https:\/\/thoitrang.mauwebwp.com\/thoitrang043\/?post_type=product&#038;p=1354"},"modified":"2019-07-11T00:57:24","modified_gmt":"2019-07-10T17:57:24","slug":"ao-khoac-bomber-du-trang-8k49","status":"publish","type":"product","link":"https:\/\/thoitrang.mauwebwp.com\/thoitrang043\/san-pham\/ao-khoac-bomber-du-trang-8k49\/","title":{"rendered":"\u00c1o Kho\u00e1c Bomber D\u00f9 Tr\u1eafng 8K49"},"content":{"rendered":"<p><a href=\"https:\/\/thoitrang.mauwebwp.com\/thoitrang043\/wp-content\/uploads\/2019\/07\/8K49-600x943.png\"><img loading=\"lazy\" class=\"aligncenter wp-image-1362 size-full\" src=\"https:\/\/thoitrang.mauwebwp.com\/thoitrang043\/wp-content\/uploads\/2019\/07\/8K49-600x943.png\" alt=\"\" width=\"600\" height=\"943\" srcset=\"https:\/\/thoitrang.mauwebwp.com\/thoitrang043\/wp-content\/uploads\/2019\/07\/8K49-600x943.png 600w, https:\/\/thoitrang.mauwebwp.com\/thoitrang043\/wp-content\/uploads\/2019\/07\/8K49-600x943-191x300.png 191w\" sizes=\"(max-width: 600px) 100vw, 600px\" \/><\/a><\/p>\n","protected":false},"excerpt":{"rendered":"","protected":false},"featured_media":1362,"template":"","meta":[],"product_cat":[69,70],"product_tag":[],"_links":{"self":[{"href":"https:\/\/thoitrang.mauwebwp.com\/thoitrang043\/wp-json\/wp\/v2\/product\/1354"}],"collection":[{"href":"https:\/\/thoitrang.mauwebwp.com\/thoitrang043\/wp-json\/wp\/v2\/product"}],"about":[{"href":"https:\/\/thoitrang.mauwebwp.com\/thoitrang043\/wp-json\/wp\/v2\/types\/product"}],"wp:featuredmedia":[{"embeddable":true,"href":"https:\/\/thoitrang.mauwebwp.com\/thoitrang043\/wp-json\/wp\/v2\/media\/1362"}],"wp:attachment":[{"href":"https:\/\/thoitrang.mauwebwp.com\/thoitrang043\/wp-json\/wp\/v2\/media?parent=1354"}],"wp:term":[{"taxonomy":"product_cat","embeddable":true,"href":"https:\/\/thoitrang.mauwebwp.com\/thoitrang043\/wp-json\/wp\/v2\/product_cat?post=1354"},{"taxonomy":"product_tag","embeddable":true,"href":"https:\/\/thoitrang.mauwebwp.com\/thoitrang043\/wp-json\/wp\/v2\/product_tag?post=1354"}],"curies":[{"name":"wp","href":"https:\/\/api.w.org\/{rel}","templated":true}]}}