{"id":1366,"date":"2019-07-11T00:56:02","date_gmt":"2019-07-10T17:56:02","guid":{"rendered":"https:\/\/thoitrang.mauwebwp.com\/thoitrang043\/?post_type=product&#038;p=1366"},"modified":"2019-07-11T00:56:02","modified_gmt":"2019-07-10T17:56:02","slug":"ao-khoac-du-trang-9k06","status":"publish","type":"product","link":"https:\/\/thoitrang.mauwebwp.com\/thoitrang043\/san-pham\/ao-khoac-du-trang-9k06\/","title":{"rendered":"\u00c1o Kho\u00e1c D\u00f9 Tr\u1eafng 9K06"},"content":{"rendered":"<p><a href=\"https:\/\/thoitrang.mauwebwp.com\/thoitrang043\/wp-content\/uploads\/2019\/07\/\u00e1o-kho\u00e1c-tr\u1eafng-c\u1ed5-b\u1ebb-3-600x943.jpg\"><img loading=\"lazy\" class=\"aligncenter wp-image-1364 size-full\" src=\"https:\/\/thoitrang.mauwebwp.com\/thoitrang043\/wp-content\/uploads\/2019\/07\/\u00e1o-kho\u00e1c-tr\u1eafng-c\u1ed5-b\u1ebb-3-600x943.jpg\" alt=\"\" width=\"600\" height=\"943\" srcset=\"https:\/\/thoitrang.mauwebwp.com\/thoitrang043\/wp-content\/uploads\/2019\/07\/\u00e1o-kho\u00e1c-tr\u1eafng-c\u1ed5-b\u1ebb-3-600x943.jpg 600w, https:\/\/thoitrang.mauwebwp.com\/thoitrang043\/wp-content\/uploads\/2019\/07\/\u00e1o-kho\u00e1c-tr\u1eafng-c\u1ed5-b\u1ebb-3-600x943-191x300.jpg 191w\" sizes=\"(max-width: 600px) 100vw, 600px\" \/><\/a><\/p>\n","protected":false},"excerpt":{"rendered":"","protected":false},"featured_media":1364,"template":"","meta":[],"product_cat":[69],"product_tag":[],"_links":{"self":[{"href":"https:\/\/thoitrang.mauwebwp.com\/thoitrang043\/wp-json\/wp\/v2\/product\/1366"}],"collection":[{"href":"https:\/\/thoitrang.mauwebwp.com\/thoitrang043\/wp-json\/wp\/v2\/product"}],"about":[{"href":"https:\/\/thoitrang.mauwebwp.com\/thoitrang043\/wp-json\/wp\/v2\/types\/product"}],"wp:featuredmedia":[{"embeddable":true,"href":"https:\/\/thoitrang.mauwebwp.com\/thoitrang043\/wp-json\/wp\/v2\/media\/1364"}],"wp:attachment":[{"href":"https:\/\/thoitrang.mauwebwp.com\/thoitrang043\/wp-json\/wp\/v2\/media?parent=1366"}],"wp:term":[{"taxonomy":"product_cat","embeddable":true,"href":"https:\/\/thoitrang.mauwebwp.com\/thoitrang043\/wp-json\/wp\/v2\/product_cat?post=1366"},{"taxonomy":"product_tag","embeddable":true,"href":"https:\/\/thoitrang.mauwebwp.com\/thoitrang043\/wp-json\/wp\/v2\/product_tag?post=1366"}],"curies":[{"name":"wp","href":"https:\/\/api.w.org\/{rel}","templated":true}]}}